{"id":293,"date":"2019-07-02T23:42:49","date_gmt":"2019-07-02T21:42:49","guid":{"rendered":"https:\/\/sud-com-conseil.fr\/?page_id=293"},"modified":"2019-07-11T13:54:52","modified_gmt":"2019-07-11T11:54:52","slug":"appelez-moi","status":"publish","type":"page","link":"https:\/\/sud-com-conseil.fr\/en\/appelez-moi\/","title":{"rendered":"Call me!"},"content":{"rendered":"<div data-elementor-type=\"wp-post\" data-elementor-id=\"293\" class=\"elementor elementor-293\">\n\t\t\t\t\t\t\t\t\t<section class=\"elementor-section elementor-top-section elementor-element elementor-element-1711fa2 elementor-section-boxed elementor-section-height-default elementor-section-height-default\" data-id=\"1711fa2\" data-element_type=\"section\" data-settings=\"{&quot;shape_divider_bottom&quot;:&quot;triangle-asymmetrical&quot;}\">\n\t\t\t\t\t<div class=\"elementor-shape elementor-shape-bottom\" data-negative=\"false\">\n\t\t\t<svg xmlns=\"http:\/\/www.w3.org\/2000\/svg\" viewbox=\"0 0 1000 100\" preserveaspectratio=\"none\">\n\t<path class=\"elementor-shape-fill\" d=\"M738,99l262-93V0H0v5.6L738,99z\"\/>\n<\/svg>\t\t<\/div>\n\t\t\t\t\t<div class=\"elementor-container elementor-column-gap-default\">\n\t\t\t\t\t<div class=\"elementor-column elementor-col-100 elementor-top-column elementor-element elementor-element-b168d6e\" data-id=\"b168d6e\" data-element_type=\"column\">\n\t\t\t<div class=\"elementor-widget-wrap elementor-element-populated\">\n\t\t\t\t\t\t\t\t<section class=\"elementor-section elementor-inner-section elementor-element elementor-element-7cfdd59 elementor-section-boxed elementor-section-height-default elementor-section-height-default\" data-id=\"7cfdd59\" data-element_type=\"section\">\n\t\t\t\t\t\t<div class=\"elementor-container elementor-column-gap-default\">\n\t\t\t\t\t<div class=\"elementor-column elementor-col-100 elementor-inner-column elementor-element elementor-element-69f4136\" data-id=\"69f4136\" data-element_type=\"column\">\n\t\t\t<div class=\"elementor-widget-wrap elementor-element-populated\">\n\t\t\t\t\t\t\t\t<div class=\"elementor-element elementor-element-6893b11 elementor-widget elementor-widget-heading\" data-id=\"6893b11\" data-element_type=\"widget\" data-widget_type=\"heading.default\">\n\t\t\t\t<div class=\"elementor-widget-container\">\n\t\t\t<h2 class=\"elementor-heading-title elementor-size-default\">Call me back!<\/h2>\t\t<\/div>\n\t\t\t\t<\/div>\n\t\t\t\t\t<\/div>\n\t\t<\/div>\n\t\t\t\t\t\t\t<\/div>\n\t\t<\/section>\n\t\t\t\t<section class=\"elementor-section elementor-inner-section elementor-element elementor-element-6e5b875 elementor-section-boxed elementor-section-height-default elementor-section-height-default\" data-id=\"6e5b875\" data-element_type=\"section\">\n\t\t\t\t\t\t<div class=\"elementor-container elementor-column-gap-default\">\n\t\t\t\t\t<div class=\"elementor-column elementor-col-50 elementor-inner-column elementor-element elementor-element-d3e476a\" data-id=\"d3e476a\" data-element_type=\"column\">\n\t\t\t<div class=\"elementor-widget-wrap elementor-element-populated\">\n\t\t\t\t\t\t\t\t<div class=\"elementor-element elementor-element-9d46727 elementor-widget elementor-widget-wp-widget-wpforms-widget\" data-id=\"9d46727\" data-element_type=\"widget\" data-widget_type=\"wp-widget-wpforms-widget.default\">\n\t\t\t\t<div class=\"elementor-widget-container\">\n\t\t\t<div class=\"wpforms-container wpforms-container-full\" id=\"wpforms-291\"><form id=\"wpforms-form-291\" class=\"wpforms-validate wpforms-form\" data-formid=\"291\" method=\"post\" enctype=\"multipart\/form-data\" action=\"\/en\/wp-json\/wp\/v2\/pages\/293\" data-token=\"64909dae88356cd8aecf387382b2c1f9\" data-trp-original-action=\"\/en\/wp-json\/wp\/v2\/pages\/293\"><noscript class=\"wpforms-error-noscript\">Please enable JavaScript in your browser to complete this form.<\/noscript><div class=\"wpforms-field-container\"><div id=\"wpforms-291-field_4-container\" class=\"wpforms-field wpforms-field-name\" data-field-id=\"4\"><label class=\"wpforms-field-label\" for=\"wpforms-291-field_4\">Name <span class=\"wpforms-required-label\">*<\/span><\/label><input type=\"text\" id=\"wpforms-291-field_4\" class=\"wpforms-field-medium wpforms-field-required\" name=\"wpforms[fields][4]\" required><\/div><div id=\"wpforms-291-field_2-container\" class=\"wpforms-field wpforms-field-text\" data-field-id=\"2\"><label class=\"wpforms-field-label\" for=\"wpforms-291-field_2\">Phone <span class=\"wpforms-required-label\">*<\/span><\/label><input type=\"text\" id=\"wpforms-291-field_2\" class=\"wpforms-field-medium wpforms-field-required\" name=\"wpforms[fields][2]\" required><\/div><\/div><!-- .wpforms-field-container --><div class=\"wpforms-field wpforms-field-hp\"><label for=\"wpforms-291-field-hp\" class=\"wpforms-field-label\">How<\/label><input type=\"text\" name=\"wpforms[hp]\" id=\"wpforms-291-field-hp\" class=\"wpforms-field-medium\"><\/div><div class=\"wpforms-submit-container\" ><input type=\"hidden\" name=\"wpforms[id]\" value=\"291\"><input type=\"hidden\" name=\"wpforms[author]\" value=\"1\"><button type=\"submit\" name=\"wpforms[submit]\" id=\"wpforms-submit-291\" class=\"wpforms-submit\" data-alt-text=\"Envoi...\" data-submit-text=\"Envoyer\" aria-live=\"assertive\" value=\"wpforms-submit\">Send<\/button><\/div><input type=\"hidden\" name=\"trp-form-language\" value=\"en\"\/><\/form><\/div>  <!-- .wpforms-container -->\t\t<\/div>\n\t\t\t\t<\/div>\n\t\t\t\t\t<\/div>\n\t\t<\/div>\n\t\t\t\t<div class=\"elementor-column elementor-col-50 elementor-inner-column elementor-element elementor-element-40d4cdf\" data-id=\"40d4cdf\" data-element_type=\"column\">\n\t\t\t<div class=\"elementor-widget-wrap elementor-element-populated\">\n\t\t\t\t\t\t\t\t<div class=\"elementor-element elementor-element-e8ca926 elementor-widget elementor-widget-spacer\" data-id=\"e8ca926\" data-element_type=\"widget\" data-widget_type=\"spacer.default\">\n\t\t\t\t<div class=\"elementor-widget-container\">\n\t\t\t\t\t<div class=\"elementor-spacer\">\n\t\t\t<div class=\"elementor-spacer-inner\"><\/div>\n\t\t<\/div>\n\t\t\t\t<\/div>\n\t\t\t\t<\/div>\n\t\t\t\t<div class=\"elementor-element elementor-element-224881d elementor-widget elementor-widget-text-editor\" data-id=\"224881d\" data-element_type=\"widget\" data-widget_type=\"text-editor.default\">\n\t\t\t\t<div class=\"elementor-widget-container\">\n\t\t\t\t\t\t\t<p>Need information or advice? We'll call you back to discuss and meet your needs.<\/p>\t\t\t\t\t\t<\/div>\n\t\t\t\t<\/div>\n\t\t\t\t\t<\/div>\n\t\t<\/div>\n\t\t\t\t\t\t\t<\/div>\n\t\t<\/section>\n\t\t\t\t\t<\/div>\n\t\t<\/div>\n\t\t\t\t\t\t\t<\/div>\n\t\t<\/section>\n\t\t\t\t\t\t\t<\/div>","protected":false},"excerpt":{"rendered":"<p>Call me back! Need information or advice? We'll call you back to discuss and address your needs.<\/p>","protected":false},"author":1,"featured_media":0,"parent":0,"menu_order":0,"comment_status":"closed","ping_status":"closed","template":"elementor_header_footer","meta":{"footnotes":""},"yoast_head":"<!-- This site is optimized with the Yoast SEO plugin v21.3 - https:\/\/yoast.com\/wordpress\/plugins\/seo\/ -->\n<title>Appelez-moi ! - Obtenez des conseils et un devis gratuit<\/title>\n<meta name=\"description\" content=\"Besoin de communiquer sur votre marque, mais aucune id\u00e9e du co\u00fbt ou de la strat\u00e9gie \u00e0 mettre en oeuvre ? Sud Com Conseil vous appelle pour en discuter.\" \/>\n<meta name=\"robots\" content=\"index, follow, max-snippet:-1, max-image-preview:large, max-video-preview:-1\" \/>\n<link rel=\"canonical\" href=\"https:\/\/sud-com-conseil.fr\/en\/appelez-moi\/\" \/>\n<meta property=\"og:locale\" content=\"en_US\" \/>\n<meta property=\"og:type\" content=\"article\" \/>\n<meta property=\"og:title\" content=\"Appelez-moi ! - Obtenez des conseils et un devis gratuit\" \/>\n<meta property=\"og:description\" content=\"Besoin de communiquer sur votre marque, mais aucune id\u00e9e du co\u00fbt ou de la strat\u00e9gie \u00e0 mettre en oeuvre ? Sud Com Conseil vous appelle pour en discuter.\" \/>\n<meta property=\"og:url\" content=\"https:\/\/sud-com-conseil.fr\/en\/appelez-moi\/\" \/>\n<meta property=\"article:modified_time\" content=\"2019-07-11T11:54:52+00:00\" \/>\n<meta name=\"twitter:card\" content=\"summary_large_image\" \/>\n<script type=\"application\/ld+json\" class=\"yoast-schema-graph\">{\"@context\":\"https:\/\/schema.org\",\"@graph\":[{\"@type\":\"WebPage\",\"@id\":\"https:\/\/sud-com-conseil.fr\/appelez-moi\/\",\"url\":\"https:\/\/sud-com-conseil.fr\/appelez-moi\/\",\"name\":\"Appelez-moi ! - Obtenez des conseils et un devis gratuit\",\"isPartOf\":{\"@id\":\"https:\/\/sud-com-conseil.fr\/#website\"},\"datePublished\":\"2019-07-02T21:42:49+00:00\",\"dateModified\":\"2019-07-11T11:54:52+00:00\",\"description\":\"Besoin de communiquer sur votre marque, mais aucune id\u00e9e du co\u00fbt ou de la strat\u00e9gie \u00e0 mettre en oeuvre ? Sud Com Conseil vous appelle pour en discuter.\",\"breadcrumb\":{\"@id\":\"https:\/\/sud-com-conseil.fr\/appelez-moi\/#breadcrumb\"},\"inLanguage\":\"en-US\",\"potentialAction\":[{\"@type\":\"ReadAction\",\"target\":[\"https:\/\/sud-com-conseil.fr\/appelez-moi\/\"]}]},{\"@type\":\"BreadcrumbList\",\"@id\":\"https:\/\/sud-com-conseil.fr\/appelez-moi\/#breadcrumb\",\"itemListElement\":[{\"@type\":\"ListItem\",\"position\":1,\"name\":\"Accueil\",\"item\":\"https:\/\/sud-com-conseil.fr\/\"},{\"@type\":\"ListItem\",\"position\":2,\"name\":\"Appelez-moi !\"}]},{\"@type\":\"WebSite\",\"@id\":\"https:\/\/sud-com-conseil.fr\/#website\",\"url\":\"https:\/\/sud-com-conseil.fr\/\",\"name\":\"Sud Com Conseil\",\"description\":\"Transformation Digitale\",\"publisher\":{\"@id\":\"https:\/\/sud-com-conseil.fr\/#organization\"},\"potentialAction\":[{\"@type\":\"SearchAction\",\"target\":{\"@type\":\"EntryPoint\",\"urlTemplate\":\"https:\/\/sud-com-conseil.fr\/?s={search_term_string}\"},\"query-input\":\"required name=search_term_string\"}],\"inLanguage\":\"en-US\"},{\"@type\":\"Organization\",\"@id\":\"https:\/\/sud-com-conseil.fr\/#organization\",\"name\":\"Sud Com Conseil\",\"url\":\"https:\/\/sud-com-conseil.fr\/\",\"logo\":{\"@type\":\"ImageObject\",\"inLanguage\":\"en-US\",\"@id\":\"https:\/\/sud-com-conseil.fr\/#\/schema\/logo\/image\/\",\"url\":\"https:\/\/sud-com-conseil.fr\/wp-content\/uploads\/2019\/07\/cropped-logo_transparent_background-5.png\",\"contentUrl\":\"https:\/\/sud-com-conseil.fr\/wp-content\/uploads\/2019\/07\/cropped-logo_transparent_background-5.png\",\"width\":577,\"height\":250,\"caption\":\"Sud Com Conseil\"},\"image\":{\"@id\":\"https:\/\/sud-com-conseil.fr\/#\/schema\/logo\/image\/\"}}]}<\/script>\n<!-- \/ Yoast SEO plugin. -->","yoast_head_json":{"title":"Appelez-moi ! - Obtenez des conseils et un devis gratuit","description":"Besoin de communiquer sur votre marque, mais aucune id\u00e9e du co\u00fbt ou de la strat\u00e9gie \u00e0 mettre en oeuvre ? Sud Com Conseil vous appelle pour en discuter.","robots":{"index":"index","follow":"follow","max-snippet":"max-snippet:-1","max-image-preview":"max-image-preview:large","max-video-preview":"max-video-preview:-1"},"canonical":"https:\/\/sud-com-conseil.fr\/en\/appelez-moi\/","og_locale":"en_US","og_type":"article","og_title":"Appelez-moi ! - Obtenez des conseils et un devis gratuit","og_description":"Besoin de communiquer sur votre marque, mais aucune id\u00e9e du co\u00fbt ou de la strat\u00e9gie \u00e0 mettre en oeuvre ? Sud Com Conseil vous appelle pour en discuter.","og_url":"https:\/\/sud-com-conseil.fr\/en\/appelez-moi\/","article_modified_time":"2019-07-11T11:54:52+00:00","twitter_card":"summary_large_image","schema":{"@context":"https:\/\/schema.org","@graph":[{"@type":"WebPage","@id":"https:\/\/sud-com-conseil.fr\/appelez-moi\/","url":"https:\/\/sud-com-conseil.fr\/appelez-moi\/","name":"Appelez-moi ! - Obtenez des conseils et un devis gratuit","isPartOf":{"@id":"https:\/\/sud-com-conseil.fr\/#website"},"datePublished":"2019-07-02T21:42:49+00:00","dateModified":"2019-07-11T11:54:52+00:00","description":"Besoin de communiquer sur votre marque, mais aucune id\u00e9e du co\u00fbt ou de la strat\u00e9gie \u00e0 mettre en oeuvre ? Sud Com Conseil vous appelle pour en discuter.","breadcrumb":{"@id":"https:\/\/sud-com-conseil.fr\/appelez-moi\/#breadcrumb"},"inLanguage":"en-US","potentialAction":[{"@type":"ReadAction","target":["https:\/\/sud-com-conseil.fr\/appelez-moi\/"]}]},{"@type":"BreadcrumbList","@id":"https:\/\/sud-com-conseil.fr\/appelez-moi\/#breadcrumb","itemListElement":[{"@type":"ListItem","position":1,"name":"Accueil","item":"https:\/\/sud-com-conseil.fr\/"},{"@type":"ListItem","position":2,"name":"Appelez-moi !"}]},{"@type":"WebSite","@id":"https:\/\/sud-com-conseil.fr\/#website","url":"https:\/\/sud-com-conseil.fr\/","name":"Sud Com Conseil","description":"Transformation Digitale","publisher":{"@id":"https:\/\/sud-com-conseil.fr\/#organization"},"potentialAction":[{"@type":"SearchAction","target":{"@type":"EntryPoint","urlTemplate":"https:\/\/sud-com-conseil.fr\/?s={search_term_string}"},"query-input":"required name=search_term_string"}],"inLanguage":"en-US"},{"@type":"Organization","@id":"https:\/\/sud-com-conseil.fr\/#organization","name":"Sud Com Conseil","url":"https:\/\/sud-com-conseil.fr\/","logo":{"@type":"ImageObject","inLanguage":"en-US","@id":"https:\/\/sud-com-conseil.fr\/#\/schema\/logo\/image\/","url":"https:\/\/sud-com-conseil.fr\/wp-content\/uploads\/2019\/07\/cropped-logo_transparent_background-5.png","contentUrl":"https:\/\/sud-com-conseil.fr\/wp-content\/uploads\/2019\/07\/cropped-logo_transparent_background-5.png","width":577,"height":250,"caption":"Sud Com Conseil"},"image":{"@id":"https:\/\/sud-com-conseil.fr\/#\/schema\/logo\/image\/"}}]}},"_links":{"self":[{"href":"https:\/\/sud-com-conseil.fr\/en\/wp-json\/wp\/v2\/pages\/293"}],"collection":[{"href":"https:\/\/sud-com-conseil.fr\/en\/wp-json\/wp\/v2\/pages"}],"about":[{"href":"https:\/\/sud-com-conseil.fr\/en\/wp-json\/wp\/v2\/types\/page"}],"author":[{"embeddable":true,"href":"https:\/\/sud-com-conseil.fr\/en\/wp-json\/wp\/v2\/users\/1"}],"replies":[{"embeddable":true,"href":"https:\/\/sud-com-conseil.fr\/en\/wp-json\/wp\/v2\/comments?post=293"}],"version-history":[{"count":0,"href":"https:\/\/sud-com-conseil.fr\/en\/wp-json\/wp\/v2\/pages\/293\/revisions"}],"wp:attachment":[{"href":"https:\/\/sud-com-conseil.fr\/en\/wp-json\/wp\/v2\/media?parent=293"}],"curies":[{"name":"wp","href":"https:\/\/api.w.org\/{rel}","templated":true}]}}