{"id":59,"date":"2017-12-29T16:46:06","date_gmt":"2017-12-29T15:46:06","guid":{"rendered":"http:\/\/sud-com-conseil.fr\/?page_id=59"},"modified":"2019-07-26T17:06:20","modified_gmt":"2019-07-26T15:06:20","slug":"developpement-marketing","status":"publish","type":"page","link":"https:\/\/sud-com-conseil.fr\/en\/developpement-marketing\/","title":{"rendered":"Marketing Development"},"content":{"rendered":"<div data-elementor-type=\"wp-post\" data-elementor-id=\"59\" class=\"elementor elementor-59\">\n\t\t\t\t\t\t\t\t\t<section class=\"elementor-section elementor-top-section elementor-element elementor-element-4e135547 elementor-section-height-min-height elementor-section-stretched elementor-section-full_width elementor-section-height-default elementor-section-items-middle\" data-id=\"4e135547\" data-element_type=\"section\" data-settings=\"{&quot;background_background&quot;:&quot;classic&quot;,&quot;stretch_section&quot;:&quot;section-stretched&quot;,&quot;shape_divider_top&quot;:&quot;triangle-asymmetrical&quot;}\">\n\t\t\t\t\t\t\t<div class=\"elementor-background-overlay\"><\/div>\n\t\t\t\t\t\t<div class=\"elementor-shape elementor-shape-top\" data-negative=\"false\">\n\t\t\t<svg xmlns=\"http:\/\/www.w3.org\/2000\/svg\" viewbox=\"0 0 1000 100\" preserveaspectratio=\"none\">\n\t<path class=\"elementor-shape-fill\" d=\"M738,99l262-93V0H0v5.6L738,99z\"\/>\n<\/svg>\t\t<\/div>\n\t\t\t\t\t<div class=\"elementor-container elementor-column-gap-default\">\n\t\t\t\t\t<div class=\"elementor-column elementor-col-100 elementor-top-column elementor-element elementor-element-758bec18\" data-id=\"758bec18\" data-element_type=\"column\">\n\t\t\t<div class=\"elementor-widget-wrap elementor-element-populated\">\n\t\t\t\t\t\t\t\t<div class=\"elementor-element elementor-element-7bd307ca elementor-widget elementor-widget-heading\" data-id=\"7bd307ca\" data-element_type=\"widget\" data-widget_type=\"heading.default\">\n\t\t\t\t<div class=\"elementor-widget-container\">\n\t\t\t<h2 class=\"elementor-heading-title elementor-size-default\">Gain visibility!<\/h2>\t\t<\/div>\n\t\t\t\t<\/div>\n\t\t\t\t<div class=\"elementor-element elementor-element-5a7a59c1 elementor-widget elementor-widget-text-editor\" data-id=\"5a7a59c1\" data-element_type=\"widget\" data-widget_type=\"text-editor.default\">\n\t\t\t\t<div class=\"elementor-widget-container\">\n\t\t\t\t\t\t\t<p>Opt for a simple, fast and professionally operated upgrade.<\/p>\t\t\t\t\t\t<\/div>\n\t\t\t\t<\/div>\n\t\t\t\t<section class=\"elementor-section elementor-inner-section elementor-element elementor-element-6a776dd5 elementor-section-full_width elementor-section-height-default elementor-section-height-default\" data-id=\"6a776dd5\" data-element_type=\"section\">\n\t\t\t\t\t\t<div class=\"elementor-container elementor-column-gap-default\">\n\t\t\t\t\t<div class=\"elementor-column elementor-col-66 elementor-inner-column elementor-element elementor-element-52e2afa6\" data-id=\"52e2afa6\" data-element_type=\"column\">\n\t\t\t<div class=\"elementor-widget-wrap elementor-element-populated\">\n\t\t\t\t\t\t\t\t<div class=\"elementor-element elementor-element-53560b6a elementor-widget elementor-widget-image\" data-id=\"53560b6a\" data-element_type=\"widget\" data-widget_type=\"image.default\">\n\t\t\t\t<div class=\"elementor-widget-container\">\n\t\t\t\t\t\t\t\t\t\t\t\t\t\t\t<img decoding=\"async\" width=\"525\" height=\"350\" src=\"https:\/\/sud-com-conseil.fr\/wp-content\/uploads\/2019\/07\/d\u00e9velopper-la-visibilit\u00e9-d\u2019une-PME.png\" class=\"attachment-large size-large wp-image-219\" alt=\"\" srcset=\"https:\/\/sud-com-conseil.fr\/wp-content\/uploads\/2019\/07\/d\u00e9velopper-la-visibilit\u00e9-d\u2019une-PME.png 600w, https:\/\/sud-com-conseil.fr\/wp-content\/uploads\/2019\/07\/d\u00e9velopper-la-visibilit\u00e9-d\u2019une-PME-300x200.png 300w\" sizes=\"100vw\" \/>\t\t\t\t\t\t\t\t\t\t\t\t\t\t\t<\/div>\n\t\t\t\t<\/div>\n\t\t\t\t\t<\/div>\n\t\t<\/div>\n\t\t\t\t<div class=\"elementor-column elementor-col-33 elementor-inner-column elementor-element elementor-element-251e587b\" data-id=\"251e587b\" data-element_type=\"column\">\n\t\t\t<div class=\"elementor-widget-wrap elementor-element-populated\">\n\t\t\t\t\t\t\t\t<div class=\"elementor-element elementor-element-774558f3 elementor-view-default elementor-position-top elementor-mobile-position-top elementor-widget elementor-widget-icon-box\" data-id=\"774558f3\" data-element_type=\"widget\" data-widget_type=\"icon-box.default\">\n\t\t\t\t<div class=\"elementor-widget-container\">\n\t\t\t\t\t<div class=\"elementor-icon-box-wrapper\">\n\t\t\t\t\t\t<div class=\"elementor-icon-box-icon\">\n\t\t\t\t<span  class=\"elementor-icon elementor-animation-grow\">\n\t\t\t\t<i class=\"fa fa-building\" aria-hidden=\"true\"><\/i>\t\t\t\t<\/span>\n\t\t\t<\/div>\n\t\t\t\t\t\t<div class=\"elementor-icon-box-content\">\n\t\t\t\t<h3 class=\"elementor-icon-box-title\">\n\t\t\t\t\t<span  >\n\t\t\t\t\t\tCompany referencing\t\t\t\t\t<\/span>\n\t\t\t\t<\/h3>\n\t\t\t\t\t\t\t\t\t<p class=\"elementor-icon-box-description\">\n\t\t\t\t\t\tAffirm your presence on search tools such as Google Maps, Tripadvisor, Yellow Pages, etc.\t\t\t\t\t<\/p>\n\t\t\t\t\t\t\t<\/div>\n\t\t<\/div>\n\t\t\t\t<\/div>\n\t\t\t\t<\/div>\n\t\t\t\t<div class=\"elementor-element elementor-element-46d88275 elementor-view-stacked elementor-shape-circle elementor-position-top elementor-mobile-position-top elementor-widget elementor-widget-icon-box\" data-id=\"46d88275\" data-element_type=\"widget\" data-widget_type=\"icon-box.default\">\n\t\t\t\t<div class=\"elementor-widget-container\">\n\t\t\t\t\t<div class=\"elementor-icon-box-wrapper\">\n\t\t\t\t\t\t<div class=\"elementor-icon-box-icon\">\n\t\t\t\t<span  class=\"elementor-icon elementor-animation-grow\">\n\t\t\t\t<i class=\"fa fa-google\" aria-hidden=\"true\"><\/i>\t\t\t\t<\/span>\n\t\t\t<\/div>\n\t\t\t\t\t\t<div class=\"elementor-icon-box-content\">\n\t\t\t\t<h3 class=\"elementor-icon-box-title\">\n\t\t\t\t\t<span  >\n\t\t\t\t\t\tOnline advertising\t\t\t\t\t<\/span>\n\t\t\t\t<\/h3>\n\t\t\t\t\t\t\t\t\t<p class=\"elementor-icon-box-description\">\n\t\t\t\t\t\tStay focused on what you do best, we bring you the leads.\t\t\t\t\t<\/p>\n\t\t\t\t\t\t\t<\/div>\n\t\t<\/div>\n\t\t\t\t<\/div>\n\t\t\t\t<\/div>\n\t\t\t\t<div class=\"elementor-element elementor-element-139145f8 elementor-view-framed elementor-shape-square elementor-position-top elementor-mobile-position-top elementor-widget elementor-widget-icon-box\" data-id=\"139145f8\" data-element_type=\"widget\" data-widget_type=\"icon-box.default\">\n\t\t\t\t<div class=\"elementor-widget-container\">\n\t\t\t\t\t<div class=\"elementor-icon-box-wrapper\">\n\t\t\t\t\t\t<div class=\"elementor-icon-box-icon\">\n\t\t\t\t<span  class=\"elementor-icon elementor-animation-grow\">\n\t\t\t\t<i class=\"fa fa-facebook\" aria-hidden=\"true\"><\/i>\t\t\t\t<\/span>\n\t\t\t<\/div>\n\t\t\t\t\t\t<div class=\"elementor-icon-box-content\">\n\t\t\t\t<h3 class=\"elementor-icon-box-title\">\n\t\t\t\t\t<span  >\n\t\t\t\t\t\tCommunication management\t\t\t\t\t<\/span>\n\t\t\t\t<\/h3>\n\t\t\t\t\t\t\t\t\t<p class=\"elementor-icon-box-description\">\n\t\t\t\t\t\tBe active and close to your customers with our community management solutions.\t\t\t\t\t<\/p>\n\t\t\t\t\t\t\t<\/div>\n\t\t<\/div>\n\t\t\t\t<\/div>\n\t\t\t\t<\/div>\n\t\t\t\t\t<\/div>\n\t\t<\/div>\n\t\t\t\t\t\t\t<\/div>\n\t\t<\/section>\n\t\t\t\t\t<\/div>\n\t\t<\/div>\n\t\t\t\t\t\t\t<\/div>\n\t\t<\/section>\n\t\t\t\t<section class=\"elementor-section elementor-top-section elementor-element elementor-element-357ea91 elementor-section-boxed elementor-section-height-default elementor-section-height-default\" data-id=\"357ea91\" data-element_type=\"section\">\n\t\t\t\t\t\t<div class=\"elementor-container elementor-column-gap-default\">\n\t\t\t\t\t<div class=\"elementor-column elementor-col-100 elementor-top-column elementor-element elementor-element-dca6a70\" data-id=\"dca6a70\" data-element_type=\"column\">\n\t\t\t<div class=\"elementor-widget-wrap elementor-element-populated\">\n\t\t\t\t\t\t\t\t<div class=\"elementor-element elementor-element-af1af88 elementor-widget elementor-widget-text-editor\" data-id=\"af1af88\" data-element_type=\"widget\" data-widget_type=\"text-editor.default\">\n\t\t\t\t<div class=\"elementor-widget-container\">\n\t\t\t\t\t\t\tFrom the definition of Strategic Marketing to the application of Operational Marketing, we accompany you in the development of your brand via the appropriate channels for your industry.\t\t\t\t\t\t<\/div>\n\t\t\t\t<\/div>\n\t\t\t\t\t<\/div>\n\t\t<\/div>\n\t\t\t\t\t\t\t<\/div>\n\t\t<\/section>\n\t\t\t\t\t\t\t<\/div>","protected":false},"excerpt":{"rendered":"<p>Gain visibility! Opt for a simple, fast and professionally operated upgrade. Company Referencing Affirm your presence on search tools such as Google Maps, Tripadvisor, Yellow Pages, etc. Online Advertising Stay focused on what you do best, we bring you the leads. Communication management ... <\/p>\n<p class=\"link-more\"><a href=\"https:\/\/sud-com-conseil.fr\/en\/developpement-marketing\/\" class=\"more-link\">Continue reading<span class=\"screen-reader-text\"> \"Marketing Development<\/span><\/a><\/p>","protected":false},"author":1,"featured_media":0,"parent":0,"menu_order":0,"comment_status":"closed","ping_status":"closed","template":"elementor_header_footer","meta":{"footnotes":""},"yoast_head":"<!-- This site is optimized with the Yoast SEO plugin v21.3 - https:\/\/yoast.com\/wordpress\/plugins\/seo\/ -->\n<title>D\u00e9veloppement Marketing - Gagnez en visibilit\u00e9 sur internet<\/title>\n<meta name=\"description\" content=\"Gagnez en visibilit\u00e9 gr\u00e2ce \u00e0 nos plans de communication et strat\u00e9gies marketing simples et efficaces. Maitrisez votre r\u00e9putation et faites parler de vous !\" \/>\n<meta name=\"robots\" content=\"index, follow, max-snippet:-1, max-image-preview:large, max-video-preview:-1\" \/>\n<link rel=\"canonical\" href=\"https:\/\/sud-com-conseil.fr\/en\/developpement-marketing\/\" \/>\n<meta property=\"og:locale\" content=\"en_US\" \/>\n<meta property=\"og:type\" content=\"article\" \/>\n<meta property=\"og:title\" content=\"D\u00e9veloppement Marketing - Gagnez en visibilit\u00e9 sur internet\" \/>\n<meta property=\"og:description\" content=\"Gagnez en visibilit\u00e9 gr\u00e2ce \u00e0 nos plans de communication et strat\u00e9gies marketing simples et efficaces. Maitrisez votre r\u00e9putation et faites parler de vous !\" \/>\n<meta property=\"og:url\" content=\"https:\/\/sud-com-conseil.fr\/en\/developpement-marketing\/\" \/>\n<meta property=\"article:modified_time\" content=\"2019-07-26T15:06:20+00:00\" \/>\n<meta property=\"og:image\" content=\"https:\/\/sud-com-conseil.fr\/wp-content\/uploads\/2019\/07\/d\u00e9velopper-la-visibilit\u00e9-d\u2019une-PME.png\" \/>\n<meta name=\"twitter:card\" content=\"summary_large_image\" \/>\n<meta name=\"twitter:label1\" content=\"Est. reading time\" \/>\n\t<meta name=\"twitter:data1\" content=\"1 minute\" \/>\n<script type=\"application\/ld+json\" class=\"yoast-schema-graph\">{\"@context\":\"https:\/\/schema.org\",\"@graph\":[{\"@type\":\"WebPage\",\"@id\":\"https:\/\/sud-com-conseil.fr\/developpement-marketing\/\",\"url\":\"https:\/\/sud-com-conseil.fr\/developpement-marketing\/\",\"name\":\"D\u00e9veloppement Marketing - Gagnez en visibilit\u00e9 sur internet\",\"isPartOf\":{\"@id\":\"https:\/\/sud-com-conseil.fr\/#website\"},\"datePublished\":\"2017-12-29T15:46:06+00:00\",\"dateModified\":\"2019-07-26T15:06:20+00:00\",\"description\":\"Gagnez en visibilit\u00e9 gr\u00e2ce \u00e0 nos plans de communication et strat\u00e9gies marketing simples et efficaces. Maitrisez votre r\u00e9putation et faites parler de vous !\",\"breadcrumb\":{\"@id\":\"https:\/\/sud-com-conseil.fr\/developpement-marketing\/#breadcrumb\"},\"inLanguage\":\"en-US\",\"potentialAction\":[{\"@type\":\"ReadAction\",\"target\":[\"https:\/\/sud-com-conseil.fr\/developpement-marketing\/\"]}]},{\"@type\":\"BreadcrumbList\",\"@id\":\"https:\/\/sud-com-conseil.fr\/developpement-marketing\/#breadcrumb\",\"itemListElement\":[{\"@type\":\"ListItem\",\"position\":1,\"name\":\"Accueil\",\"item\":\"https:\/\/sud-com-conseil.fr\/\"},{\"@type\":\"ListItem\",\"position\":2,\"name\":\"D\u00e9veloppement Marketing\"}]},{\"@type\":\"WebSite\",\"@id\":\"https:\/\/sud-com-conseil.fr\/#website\",\"url\":\"https:\/\/sud-com-conseil.fr\/\",\"name\":\"Sud Com Conseil\",\"description\":\"Transformation Digitale\",\"publisher\":{\"@id\":\"https:\/\/sud-com-conseil.fr\/#organization\"},\"potentialAction\":[{\"@type\":\"SearchAction\",\"target\":{\"@type\":\"EntryPoint\",\"urlTemplate\":\"https:\/\/sud-com-conseil.fr\/?s={search_term_string}\"},\"query-input\":\"required name=search_term_string\"}],\"inLanguage\":\"en-US\"},{\"@type\":\"Organization\",\"@id\":\"https:\/\/sud-com-conseil.fr\/#organization\",\"name\":\"Sud Com Conseil\",\"url\":\"https:\/\/sud-com-conseil.fr\/\",\"logo\":{\"@type\":\"ImageObject\",\"inLanguage\":\"en-US\",\"@id\":\"https:\/\/sud-com-conseil.fr\/#\/schema\/logo\/image\/\",\"url\":\"https:\/\/sud-com-conseil.fr\/wp-content\/uploads\/2019\/07\/cropped-logo_transparent_background-5.png\",\"contentUrl\":\"https:\/\/sud-com-conseil.fr\/wp-content\/uploads\/2019\/07\/cropped-logo_transparent_background-5.png\",\"width\":577,\"height\":250,\"caption\":\"Sud Com Conseil\"},\"image\":{\"@id\":\"https:\/\/sud-com-conseil.fr\/#\/schema\/logo\/image\/\"}}]}<\/script>\n<!-- \/ Yoast SEO plugin. -->","yoast_head_json":{"title":"D\u00e9veloppement Marketing - Gagnez en visibilit\u00e9 sur internet","description":"Gagnez en visibilit\u00e9 gr\u00e2ce \u00e0 nos plans de communication et strat\u00e9gies marketing simples et efficaces. Maitrisez votre r\u00e9putation et faites parler de vous !","robots":{"index":"index","follow":"follow","max-snippet":"max-snippet:-1","max-image-preview":"max-image-preview:large","max-video-preview":"max-video-preview:-1"},"canonical":"https:\/\/sud-com-conseil.fr\/en\/developpement-marketing\/","og_locale":"en_US","og_type":"article","og_title":"D\u00e9veloppement Marketing - Gagnez en visibilit\u00e9 sur internet","og_description":"Gagnez en visibilit\u00e9 gr\u00e2ce \u00e0 nos plans de communication et strat\u00e9gies marketing simples et efficaces. Maitrisez votre r\u00e9putation et faites parler de vous !","og_url":"https:\/\/sud-com-conseil.fr\/en\/developpement-marketing\/","article_modified_time":"2019-07-26T15:06:20+00:00","og_image":[{"url":"https:\/\/sud-com-conseil.fr\/wp-content\/uploads\/2019\/07\/d\u00e9velopper-la-visibilit\u00e9-d\u2019une-PME.png"}],"twitter_card":"summary_large_image","twitter_misc":{"Est. reading time":"1 minute"},"schema":{"@context":"https:\/\/schema.org","@graph":[{"@type":"WebPage","@id":"https:\/\/sud-com-conseil.fr\/developpement-marketing\/","url":"https:\/\/sud-com-conseil.fr\/developpement-marketing\/","name":"D\u00e9veloppement Marketing - Gagnez en visibilit\u00e9 sur internet","isPartOf":{"@id":"https:\/\/sud-com-conseil.fr\/#website"},"datePublished":"2017-12-29T15:46:06+00:00","dateModified":"2019-07-26T15:06:20+00:00","description":"Gagnez en visibilit\u00e9 gr\u00e2ce \u00e0 nos plans de communication et strat\u00e9gies marketing simples et efficaces. Maitrisez votre r\u00e9putation et faites parler de vous !","breadcrumb":{"@id":"https:\/\/sud-com-conseil.fr\/developpement-marketing\/#breadcrumb"},"inLanguage":"en-US","potentialAction":[{"@type":"ReadAction","target":["https:\/\/sud-com-conseil.fr\/developpement-marketing\/"]}]},{"@type":"BreadcrumbList","@id":"https:\/\/sud-com-conseil.fr\/developpement-marketing\/#breadcrumb","itemListElement":[{"@type":"ListItem","position":1,"name":"Accueil","item":"https:\/\/sud-com-conseil.fr\/"},{"@type":"ListItem","position":2,"name":"D\u00e9veloppement Marketing"}]},{"@type":"WebSite","@id":"https:\/\/sud-com-conseil.fr\/#website","url":"https:\/\/sud-com-conseil.fr\/","name":"Sud Com Conseil","description":"Transformation Digitale","publisher":{"@id":"https:\/\/sud-com-conseil.fr\/#organization"},"potentialAction":[{"@type":"SearchAction","target":{"@type":"EntryPoint","urlTemplate":"https:\/\/sud-com-conseil.fr\/?s={search_term_string}"},"query-input":"required name=search_term_string"}],"inLanguage":"en-US"},{"@type":"Organization","@id":"https:\/\/sud-com-conseil.fr\/#organization","name":"Sud Com Conseil","url":"https:\/\/sud-com-conseil.fr\/","logo":{"@type":"ImageObject","inLanguage":"en-US","@id":"https:\/\/sud-com-conseil.fr\/#\/schema\/logo\/image\/","url":"https:\/\/sud-com-conseil.fr\/wp-content\/uploads\/2019\/07\/cropped-logo_transparent_background-5.png","contentUrl":"https:\/\/sud-com-conseil.fr\/wp-content\/uploads\/2019\/07\/cropped-logo_transparent_background-5.png","width":577,"height":250,"caption":"Sud Com Conseil"},"image":{"@id":"https:\/\/sud-com-conseil.fr\/#\/schema\/logo\/image\/"}}]}},"_links":{"self":[{"href":"https:\/\/sud-com-conseil.fr\/en\/wp-json\/wp\/v2\/pages\/59"}],"collection":[{"href":"https:\/\/sud-com-conseil.fr\/en\/wp-json\/wp\/v2\/pages"}],"about":[{"href":"https:\/\/sud-com-conseil.fr\/en\/wp-json\/wp\/v2\/types\/page"}],"author":[{"embeddable":true,"href":"https:\/\/sud-com-conseil.fr\/en\/wp-json\/wp\/v2\/users\/1"}],"replies":[{"embeddable":true,"href":"https:\/\/sud-com-conseil.fr\/en\/wp-json\/wp\/v2\/comments?post=59"}],"version-history":[{"count":0,"href":"https:\/\/sud-com-conseil.fr\/en\/wp-json\/wp\/v2\/pages\/59\/revisions"}],"wp:attachment":[{"href":"https:\/\/sud-com-conseil.fr\/en\/wp-json\/wp\/v2\/media?parent=59"}],"curies":[{"name":"wp","href":"https:\/\/api.w.org\/{rel}","templated":true}]}}