{"id":9,"date":"2017-12-29T15:54:16","date_gmt":"2017-12-29T14:54:16","guid":{"rendered":"http:\/\/sud-com-conseil.fr\/?page_id=9"},"modified":"2022-06-01T22:55:53","modified_gmt":"2022-06-01T20:55:53","slug":"contact","status":"publish","type":"page","link":"https:\/\/sud-com-conseil.fr\/en\/contact\/","title":{"rendered":"contact"},"content":{"rendered":"<div data-elementor-type=\"wp-post\" data-elementor-id=\"9\" class=\"elementor elementor-9\">\n\t\t\t\t\t\t\t\t\t<section class=\"elementor-section elementor-top-section elementor-element elementor-element-4ae4f547 elementor-section-content-middle elementor-section-stretched elementor-section-boxed elementor-section-height-default elementor-section-height-default\" data-id=\"4ae4f547\" data-element_type=\"section\" data-settings=\"{&quot;stretch_section&quot;:&quot;section-stretched&quot;}\">\n\t\t\t\t\t\t<div class=\"elementor-container elementor-column-gap-no\">\n\t\t\t\t\t<div class=\"elementor-column elementor-col-50 elementor-top-column elementor-element elementor-element-47d439af\" data-id=\"47d439af\" data-element_type=\"column\">\n\t\t\t<div class=\"elementor-widget-wrap elementor-element-populated\">\n\t\t\t\t\t\t\t\t<div class=\"elementor-element elementor-element-1844cab9 elementor-widget elementor-widget-heading\" data-id=\"1844cab9\" data-element_type=\"widget\" data-widget_type=\"heading.default\">\n\t\t\t\t<div class=\"elementor-widget-container\">\n\t\t\t<h2 class=\"elementor-heading-title elementor-size-default\">Contact us<\/h2>\t\t<\/div>\n\t\t\t\t<\/div>\n\t\t\t\t<div class=\"elementor-element elementor-element-5ada6c27 elementor-widget elementor-widget-text-editor\" data-id=\"5ada6c27\" data-element_type=\"widget\" data-widget_type=\"text-editor.default\">\n\t\t\t\t<div class=\"elementor-widget-container\">\n\t\t\t\t\t\t\t<p>We are here to answer your questions.<\/p>\t\t\t\t\t\t<\/div>\n\t\t\t\t<\/div>\n\t\t\t\t<div class=\"elementor-element elementor-element-6114eeb elementor-button-align-stretch elementor-widget elementor-widget-form\" data-id=\"6114eeb\" data-element_type=\"widget\" data-settings=\"{&quot;step_next_label&quot;:&quot;Suivant&quot;,&quot;step_previous_label&quot;:&quot;Pr\\u00e9c\\u00e9dent&quot;,&quot;button_width&quot;:&quot;100&quot;,&quot;step_type&quot;:&quot;number_text&quot;,&quot;step_icon_shape&quot;:&quot;circle&quot;}\" data-widget_type=\"form.default\">\n\t\t\t\t<div class=\"elementor-widget-container\">\n\t\t\t\t\t<form class=\"elementor-form\" method=\"post\" name=\"New Form\" action=\"\">\n\t\t\t<input type=\"hidden\" name=\"post_id\" value=\"9\"\/>\n\t\t\t<input type=\"hidden\" name=\"form_id\" value=\"6114eeb\"\/>\n\t\t\t<input type=\"hidden\" name=\"referer_title\" value=\"\" \/>\n\n\t\t\t\n\t\t\t<div class=\"elementor-form-fields-wrapper elementor-labels-\">\n\t\t\t\t\t\t\t\t<div class=\"elementor-field-type-text elementor-field-group elementor-column elementor-field-group-name elementor-col-100\">\n\t\t\t\t\t\t\t\t\t\t\t\t<label for=\"form-field-name\" class=\"elementor-field-label elementor-screen-only\">\n\t\t\t\t\t\t\t\tName\t\t\t\t\t\t\t<\/label>\n\t\t\t\t\t\t\t\t\t\t\t\t\t\t<input size=\"1\" type=\"text\" name=\"form_fields[name]\" id=\"form-field-name\" class=\"elementor-field elementor-size-sm  elementor-field-textual\" placeholder=\"Name\">\n\t\t\t\t\t\t\t\t\t\t\t<\/div>\n\t\t\t\t\t\t\t\t<div class=\"elementor-field-type-email elementor-field-group elementor-column elementor-field-group-email elementor-col-100 elementor-field-required\">\n\t\t\t\t\t\t\t\t\t\t\t\t<label for=\"form-field-email\" class=\"elementor-field-label elementor-screen-only\">\n\t\t\t\t\t\t\t\tEmail address\t\t\t\t\t\t\t<\/label>\n\t\t\t\t\t\t\t\t\t\t\t\t\t\t<input size=\"1\" type=\"email\" name=\"form_fields[email]\" id=\"form-field-email\" class=\"elementor-field elementor-size-sm  elementor-field-textual\" placeholder=\"Email address\" required=\"required\" aria-required=\"true\">\n\t\t\t\t\t\t\t\t\t\t\t<\/div>\n\t\t\t\t\t\t\t\t<div class=\"elementor-field-type-textarea elementor-field-group elementor-column elementor-field-group-message elementor-col-100\">\n\t\t\t\t\t\t\t\t\t\t\t\t<label for=\"form-field-message\" class=\"elementor-field-label elementor-screen-only\">\n\t\t\t\t\t\t\t\tMessage\t\t\t\t\t\t\t<\/label>\n\t\t\t\t\t\t<textarea class=\"elementor-field-textual elementor-field  elementor-size-sm\" name=\"form_fields[message]\" id=\"form-field-message\" rows=\"4\" placeholder=\"Your message\"><\/textarea>\t\t\t\t<\/div>\n\t\t\t\t\t\t\t\t<div class=\"elementor-field-type-recaptcha_v3 elementor-field-group elementor-column elementor-field-group-field_0aaa328 elementor-col-100 recaptcha_v3-inline\">\n\t\t\t\t\t<div class=\"elementor-field\" id=\"form-field-field_0aaa328\"><div class=\"elementor-g-recaptcha\" data-sitekey=\"6LcmlDggAAAAAK4jtNq-DLsqp6iZy-QNhR_E7v0S\" data-type=\"v3\" data-action=\"Form\" data-badge=\"inline\" data-size=\"invisible\"><\/div><\/div>\t\t\t\t<\/div>\n\t\t\t\t\t\t\t\t<div class=\"elementor-field-group elementor-column elementor-field-type-submit elementor-col-100 e-form__buttons\">\n\t\t\t\t\t<button type=\"submit\" class=\"elementor-button elementor-size-md\">\n\t\t\t\t\t\t<span >\n\t\t\t\t\t\t\t\t\t\t\t\t\t\t\t<span class=\"elementor-button-icon\">\n\t\t\t\t\t\t\t\t\t\t\t\t\t\t\t\t\t\t\t\t\t\t\t\t\t\t<\/span>\n\t\t\t\t\t\t\t\t\t\t\t\t\t\t\t\t\t\t\t\t\t\t<span class=\"elementor-button-text\">Send<\/span>\n\t\t\t\t\t\t\t\t\t\t\t\t\t<\/span>\n\t\t\t\t\t<\/button>\n\t\t\t\t<\/div>\n\t\t\t<\/div>\n\t\t<input type=\"hidden\" name=\"trp-form-language\" value=\"en\"\/><\/form>\n\t\t\t\t<\/div>\n\t\t\t\t<\/div>\n\t\t\t\t\t<\/div>\n\t\t<\/div>\n\t\t\t\t<div class=\"elementor-column elementor-col-50 elementor-top-column elementor-element elementor-element-384b80b6\" data-id=\"384b80b6\" data-element_type=\"column\" data-settings=\"{&quot;background_background&quot;:&quot;classic&quot;}\">\n\t\t\t<div class=\"elementor-widget-wrap elementor-element-populated\">\n\t\t\t\t\t\t\t\t<div class=\"elementor-element elementor-element-1db3ebc4 elementor-widget elementor-widget-google_maps\" data-id=\"1db3ebc4\" data-element_type=\"widget\" data-widget_type=\"google_maps.default\">\n\t\t\t\t<div class=\"elementor-widget-container\">\n\t\t\t\t\t<div class=\"elementor-custom-embed\">\n\t\t\t<iframe loading=\"lazy\"\n\t\t\t\t\tsrc=\"https:\/\/maps.google.com\/maps?q=sud%20com%20conseil%2C%2066750&#038;t=m&#038;z=15&#038;output=embed&#038;iwloc=near\"\n\t\t\t\t\ttitle=\"sud com conseil, 66750\"\n\t\t\t\t\taria-label=\"sud com conseil, 66750\"\n\t\t\t><\/iframe>\n\t\t<\/div>\n\t\t\t\t<\/div>\n\t\t\t\t<\/div>\n\t\t\t\t<section class=\"elementor-section elementor-inner-section elementor-element elementor-element-a2bf968 elementor-section-boxed elementor-section-height-default elementor-section-height-default\" data-id=\"a2bf968\" data-element_type=\"section\">\n\t\t\t\t\t\t<div class=\"elementor-container elementor-column-gap-default\">\n\t\t\t\t\t<div class=\"elementor-column elementor-col-33 elementor-inner-column elementor-element elementor-element-0d8aab4\" data-id=\"0d8aab4\" data-element_type=\"column\">\n\t\t\t<div class=\"elementor-widget-wrap\">\n\t\t\t\t\t\t\t\t\t<\/div>\n\t\t<\/div>\n\t\t\t\t<div class=\"elementor-column elementor-col-33 elementor-inner-column elementor-element elementor-element-3996798\" data-id=\"3996798\" data-element_type=\"column\">\n\t\t\t<div class=\"elementor-widget-wrap elementor-element-populated\">\n\t\t\t\t\t\t\t\t<div class=\"elementor-element elementor-element-20dcae2 elementor-widget elementor-widget-wp-widget-media_image\" data-id=\"20dcae2\" data-element_type=\"widget\" data-widget_type=\"wp-widget-media_image.default\">\n\t\t\t\t<div class=\"elementor-widget-container\">\n\t\t\t<img width=\"50\" height=\"50\" src=\"https:\/\/sud-com-conseil.fr\/wp-content\/uploads\/2019\/08\/locate_gps_navigation_pin_point_location_icon-icons.com_59906-100x100.png\" class=\"image wp-image-533  attachment-50x50 size-50x50\" alt=\"\" decoding=\"async\" style=\"max-width: 100%; height: auto;\" srcset=\"https:\/\/sud-com-conseil.fr\/wp-content\/uploads\/2019\/08\/locate_gps_navigation_pin_point_location_icon-icons.com_59906-100x100.png 100w, https:\/\/sud-com-conseil.fr\/wp-content\/uploads\/2019\/08\/locate_gps_navigation_pin_point_location_icon-icons.com_59906-150x150.png 150w, https:\/\/sud-com-conseil.fr\/wp-content\/uploads\/2019\/08\/locate_gps_navigation_pin_point_location_icon-icons.com_59906-300x300.png 300w, https:\/\/sud-com-conseil.fr\/wp-content\/uploads\/2019\/08\/locate_gps_navigation_pin_point_location_icon-icons.com_59906.png 512w\" sizes=\"100vw\" \/>\t\t<\/div>\n\t\t\t\t<\/div>\n\t\t\t\t\t<\/div>\n\t\t<\/div>\n\t\t\t\t<div class=\"elementor-column elementor-col-33 elementor-inner-column elementor-element elementor-element-c9353f7\" data-id=\"c9353f7\" data-element_type=\"column\">\n\t\t\t<div class=\"elementor-widget-wrap elementor-element-populated\">\n\t\t\t\t\t\t\t\t<div class=\"elementor-element elementor-element-939e50a elementor-widget elementor-widget-text-editor\" data-id=\"939e50a\" data-element_type=\"widget\" data-widget_type=\"text-editor.default\">\n\t\t\t\t<div class=\"elementor-widget-container\">\n\t\t\t\t\t\t\t<p>2 rue du Ponent<br \/>66750 Saint Cyprien<\/p>\t\t\t\t\t\t<\/div>\n\t\t\t\t<\/div>\n\t\t\t\t\t<\/div>\n\t\t<\/div>\n\t\t\t\t\t\t\t<\/div>\n\t\t<\/section>\n\t\t\t\t<section class=\"elementor-section elementor-inner-section elementor-element elementor-element-3f464b7 elementor-section-boxed elementor-section-height-default elementor-section-height-default\" data-id=\"3f464b7\" data-element_type=\"section\">\n\t\t\t\t\t\t<div class=\"elementor-container elementor-column-gap-default\">\n\t\t\t\t\t<div class=\"elementor-column elementor-col-33 elementor-inner-column elementor-element elementor-element-206d2c7\" data-id=\"206d2c7\" data-element_type=\"column\">\n\t\t\t<div class=\"elementor-widget-wrap\">\n\t\t\t\t\t\t\t\t\t<\/div>\n\t\t<\/div>\n\t\t\t\t<div class=\"elementor-column elementor-col-33 elementor-inner-column elementor-element elementor-element-6db774d\" data-id=\"6db774d\" data-element_type=\"column\">\n\t\t\t<div class=\"elementor-widget-wrap elementor-element-populated\">\n\t\t\t\t\t\t\t\t<div class=\"elementor-element elementor-element-393886e elementor-widget elementor-widget-wp-widget-media_image\" data-id=\"393886e\" data-element_type=\"widget\" data-widget_type=\"wp-widget-media_image.default\">\n\t\t\t\t<div class=\"elementor-widget-container\">\n\t\t\t<img width=\"50\" height=\"50\" src=\"https:\/\/sud-com-conseil.fr\/wp-content\/uploads\/2019\/08\/phone-call-auricular-symbol-in-black_icon-icons.com_56483-100x100.png\" class=\"image wp-image-531  attachment-50x50 size-50x50\" alt=\"\" decoding=\"async\" style=\"max-width: 100%; height: auto;\" srcset=\"https:\/\/sud-com-conseil.fr\/wp-content\/uploads\/2019\/08\/phone-call-auricular-symbol-in-black_icon-icons.com_56483-100x100.png 100w, https:\/\/sud-com-conseil.fr\/wp-content\/uploads\/2019\/08\/phone-call-auricular-symbol-in-black_icon-icons.com_56483-150x150.png 150w, https:\/\/sud-com-conseil.fr\/wp-content\/uploads\/2019\/08\/phone-call-auricular-symbol-in-black_icon-icons.com_56483-300x300.png 300w, https:\/\/sud-com-conseil.fr\/wp-content\/uploads\/2019\/08\/phone-call-auricular-symbol-in-black_icon-icons.com_56483.png 512w\" sizes=\"100vw\" \/>\t\t<\/div>\n\t\t\t\t<\/div>\n\t\t\t\t\t<\/div>\n\t\t<\/div>\n\t\t\t\t<div class=\"elementor-column elementor-col-33 elementor-inner-column elementor-element elementor-element-abeac39\" data-id=\"abeac39\" data-element_type=\"column\">\n\t\t\t<div class=\"elementor-widget-wrap elementor-element-populated\">\n\t\t\t\t\t\t\t\t<div class=\"elementor-element elementor-element-b87d669 elementor-widget elementor-widget-text-editor\" data-id=\"b87d669\" data-element_type=\"widget\" data-widget_type=\"text-editor.default\">\n\t\t\t\t<div class=\"elementor-widget-container\">\n\t\t\t\t\t\t\t<p>06.15.87.26.00<\/p>\t\t\t\t\t\t<\/div>\n\t\t\t\t<\/div>\n\t\t\t\t\t<\/div>\n\t\t<\/div>\n\t\t\t\t\t\t\t<\/div>\n\t\t<\/section>\n\t\t\t\t\t<\/div>\n\t\t<\/div>\n\t\t\t\t\t\t\t<\/div>\n\t\t<\/section>\n\t\t\t\t\t\t\t<\/div>","protected":false},"excerpt":{"rendered":"<p>Contact us We are here to answer your questions. 2 rue du Ponent66750 Saint Cyprien 06.15.87.26.00<\/p>","protected":false},"author":1,"featured_media":0,"parent":0,"menu_order":0,"comment_status":"closed","ping_status":"closed","template":"elementor_header_footer","meta":{"footnotes":""},"yoast_head":"<!-- This site is optimized with the Yoast SEO plugin v21.3 - https:\/\/yoast.com\/wordpress\/plugins\/seo\/ -->\n<title>contact -<\/title>\n<meta name=\"robots\" content=\"index, follow, max-snippet:-1, max-image-preview:large, max-video-preview:-1\" \/>\n<link rel=\"canonical\" href=\"https:\/\/sud-com-conseil.fr\/en\/contact\/\" \/>\n<meta property=\"og:locale\" content=\"en_US\" \/>\n<meta property=\"og:type\" content=\"article\" \/>\n<meta property=\"og:title\" content=\"contact -\" \/>\n<meta property=\"og:description\" content=\"Contactez-nous Nous sommes l\u00e0 pour r\u00e9pondre \u00e0 vos questions. 2 rue du Ponent66750 Saint Cyprien 06.15.87.26.00\" \/>\n<meta property=\"og:url\" content=\"https:\/\/sud-com-conseil.fr\/en\/contact\/\" \/>\n<meta property=\"article:modified_time\" content=\"2022-06-01T20:55:53+00:00\" \/>\n<meta name=\"twitter:card\" content=\"summary_large_image\" \/>\n<meta name=\"twitter:label1\" content=\"Est. reading time\" \/>\n\t<meta name=\"twitter:data1\" content=\"1 minute\" \/>\n<script type=\"application\/ld+json\" class=\"yoast-schema-graph\">{\"@context\":\"https:\/\/schema.org\",\"@graph\":[{\"@type\":\"WebPage\",\"@id\":\"https:\/\/sud-com-conseil.fr\/contact\/\",\"url\":\"https:\/\/sud-com-conseil.fr\/contact\/\",\"name\":\"contact -\",\"isPartOf\":{\"@id\":\"https:\/\/sud-com-conseil.fr\/#website\"},\"datePublished\":\"2017-12-29T14:54:16+00:00\",\"dateModified\":\"2022-06-01T20:55:53+00:00\",\"breadcrumb\":{\"@id\":\"https:\/\/sud-com-conseil.fr\/contact\/#breadcrumb\"},\"inLanguage\":\"en-US\",\"potentialAction\":[{\"@type\":\"ReadAction\",\"target\":[\"https:\/\/sud-com-conseil.fr\/contact\/\"]}]},{\"@type\":\"BreadcrumbList\",\"@id\":\"https:\/\/sud-com-conseil.fr\/contact\/#breadcrumb\",\"itemListElement\":[{\"@type\":\"ListItem\",\"position\":1,\"name\":\"Accueil\",\"item\":\"https:\/\/sud-com-conseil.fr\/\"},{\"@type\":\"ListItem\",\"position\":2,\"name\":\"contact\"}]},{\"@type\":\"WebSite\",\"@id\":\"https:\/\/sud-com-conseil.fr\/#website\",\"url\":\"https:\/\/sud-com-conseil.fr\/\",\"name\":\"Sud Com Conseil\",\"description\":\"Transformation Digitale\",\"publisher\":{\"@id\":\"https:\/\/sud-com-conseil.fr\/#organization\"},\"potentialAction\":[{\"@type\":\"SearchAction\",\"target\":{\"@type\":\"EntryPoint\",\"urlTemplate\":\"https:\/\/sud-com-conseil.fr\/?s={search_term_string}\"},\"query-input\":\"required name=search_term_string\"}],\"inLanguage\":\"en-US\"},{\"@type\":\"Organization\",\"@id\":\"https:\/\/sud-com-conseil.fr\/#organization\",\"name\":\"Sud Com Conseil\",\"url\":\"https:\/\/sud-com-conseil.fr\/\",\"logo\":{\"@type\":\"ImageObject\",\"inLanguage\":\"en-US\",\"@id\":\"https:\/\/sud-com-conseil.fr\/#\/schema\/logo\/image\/\",\"url\":\"https:\/\/sud-com-conseil.fr\/wp-content\/uploads\/2019\/07\/cropped-logo_transparent_background-5.png\",\"contentUrl\":\"https:\/\/sud-com-conseil.fr\/wp-content\/uploads\/2019\/07\/cropped-logo_transparent_background-5.png\",\"width\":577,\"height\":250,\"caption\":\"Sud Com Conseil\"},\"image\":{\"@id\":\"https:\/\/sud-com-conseil.fr\/#\/schema\/logo\/image\/\"}}]}<\/script>\n<!-- \/ Yoast SEO plugin. -->","yoast_head_json":{"title":"contact -","robots":{"index":"index","follow":"follow","max-snippet":"max-snippet:-1","max-image-preview":"max-image-preview:large","max-video-preview":"max-video-preview:-1"},"canonical":"https:\/\/sud-com-conseil.fr\/en\/contact\/","og_locale":"en_US","og_type":"article","og_title":"contact -","og_description":"Contactez-nous Nous sommes l\u00e0 pour r\u00e9pondre \u00e0 vos questions. 2 rue du Ponent66750 Saint Cyprien 06.15.87.26.00","og_url":"https:\/\/sud-com-conseil.fr\/en\/contact\/","article_modified_time":"2022-06-01T20:55:53+00:00","twitter_card":"summary_large_image","twitter_misc":{"Est. reading time":"1 minute"},"schema":{"@context":"https:\/\/schema.org","@graph":[{"@type":"WebPage","@id":"https:\/\/sud-com-conseil.fr\/contact\/","url":"https:\/\/sud-com-conseil.fr\/contact\/","name":"contact -","isPartOf":{"@id":"https:\/\/sud-com-conseil.fr\/#website"},"datePublished":"2017-12-29T14:54:16+00:00","dateModified":"2022-06-01T20:55:53+00:00","breadcrumb":{"@id":"https:\/\/sud-com-conseil.fr\/contact\/#breadcrumb"},"inLanguage":"en-US","potentialAction":[{"@type":"ReadAction","target":["https:\/\/sud-com-conseil.fr\/contact\/"]}]},{"@type":"BreadcrumbList","@id":"https:\/\/sud-com-conseil.fr\/contact\/#breadcrumb","itemListElement":[{"@type":"ListItem","position":1,"name":"Accueil","item":"https:\/\/sud-com-conseil.fr\/"},{"@type":"ListItem","position":2,"name":"contact"}]},{"@type":"WebSite","@id":"https:\/\/sud-com-conseil.fr\/#website","url":"https:\/\/sud-com-conseil.fr\/","name":"Sud Com Conseil","description":"Transformation Digitale","publisher":{"@id":"https:\/\/sud-com-conseil.fr\/#organization"},"potentialAction":[{"@type":"SearchAction","target":{"@type":"EntryPoint","urlTemplate":"https:\/\/sud-com-conseil.fr\/?s={search_term_string}"},"query-input":"required name=search_term_string"}],"inLanguage":"en-US"},{"@type":"Organization","@id":"https:\/\/sud-com-conseil.fr\/#organization","name":"Sud Com Conseil","url":"https:\/\/sud-com-conseil.fr\/","logo":{"@type":"ImageObject","inLanguage":"en-US","@id":"https:\/\/sud-com-conseil.fr\/#\/schema\/logo\/image\/","url":"https:\/\/sud-com-conseil.fr\/wp-content\/uploads\/2019\/07\/cropped-logo_transparent_background-5.png","contentUrl":"https:\/\/sud-com-conseil.fr\/wp-content\/uploads\/2019\/07\/cropped-logo_transparent_background-5.png","width":577,"height":250,"caption":"Sud Com Conseil"},"image":{"@id":"https:\/\/sud-com-conseil.fr\/#\/schema\/logo\/image\/"}}]}},"_links":{"self":[{"href":"https:\/\/sud-com-conseil.fr\/en\/wp-json\/wp\/v2\/pages\/9"}],"collection":[{"href":"https:\/\/sud-com-conseil.fr\/en\/wp-json\/wp\/v2\/pages"}],"about":[{"href":"https:\/\/sud-com-conseil.fr\/en\/wp-json\/wp\/v2\/types\/page"}],"author":[{"embeddable":true,"href":"https:\/\/sud-com-conseil.fr\/en\/wp-json\/wp\/v2\/users\/1"}],"replies":[{"embeddable":true,"href":"https:\/\/sud-com-conseil.fr\/en\/wp-json\/wp\/v2\/comments?post=9"}],"version-history":[{"count":4,"href":"https:\/\/sud-com-conseil.fr\/en\/wp-json\/wp\/v2\/pages\/9\/revisions"}],"predecessor-version":[{"id":623,"href":"https:\/\/sud-com-conseil.fr\/en\/wp-json\/wp\/v2\/pages\/9\/revisions\/623"}],"wp:attachment":[{"href":"https:\/\/sud-com-conseil.fr\/en\/wp-json\/wp\/v2\/media?parent=9"}],"curies":[{"name":"wp","href":"https:\/\/api.w.org\/{rel}","templated":true}]}}